{"id":322,"date":"2023-12-14T14:20:30","date_gmt":"2023-12-14T13:20:30","guid":{"rendered":"https:\/\/avecgroup.es\/?page_id=322"},"modified":"2025-06-03T14:10:08","modified_gmt":"2025-06-03T12:10:08","slug":"accesibilidad","status":"publish","type":"page","link":"https:\/\/tu-futbol.com\/index.php\/accesibilidad\/","title":{"rendered":"Accesibilidad"},"content":{"rendered":"\t\t<div data-elementor-type=\"wp-post\" data-elementor-id=\"322\" class=\"elementor elementor-322\" data-elementor-post-type=\"page\">\n\t\t\t\t\t\t\t<div class=\"elementor-element elementor-element-c128064 e-con-full e-flex e-con e-parent\" data-id=\"c128064\" data-element_type=\"container\" id=\"nosotros\" data-settings=\"{&quot;content_width&quot;:&quot;full&quot;,&quot;background_background&quot;:&quot;classic&quot;}\" data-core-v316-plus=\"true\">\n\t\t<div class=\"elementor-element elementor-element-2711b7b e-flex e-con-boxed e-con e-child\" data-id=\"2711b7b\" data-element_type=\"container\" data-settings=\"{&quot;content_width&quot;:&quot;boxed&quot;}\">\n\t\t\t\t\t<div class=\"e-con-inner\">\n\t\t<div class=\"elementor-element elementor-element-06191cf e-flex e-con-boxed e-con e-child\" data-id=\"06191cf\" data-element_type=\"container\" data-settings=\"{&quot;content_width&quot;:&quot;boxed&quot;}\">\n\t\t\t\t\t<div class=\"e-con-inner\">\n\t\t\t\t<div class=\"elementor-element elementor-element-7be7b7b elementor-widget elementor-widget-heading\" data-id=\"7be7b7b\" data-element_type=\"widget\" data-widget_type=\"heading.default\">\n\t\t\t\t<div class=\"elementor-widget-container\">\n\t\t\t<style>\/*! elementor - v3.18.0 - 06-12-2023 *\/\n.elementor-heading-title{padding:0;margin:0;line-height:1}.elementor-widget-heading .elementor-heading-title[class*=elementor-size-]>a{color:inherit;font-size:inherit;line-height:inherit}.elementor-widget-heading .elementor-heading-title.elementor-size-small{font-size:15px}.elementor-widget-heading .elementor-heading-title.elementor-size-medium{font-size:19px}.elementor-widget-heading .elementor-heading-title.elementor-size-large{font-size:29px}.elementor-widget-heading .elementor-heading-title.elementor-size-xl{font-size:39px}.elementor-widget-heading .elementor-heading-title.elementor-size-xxl{font-size:59px}<\/style><h2 class=\"elementor-heading-title elementor-size-default\">Declaraci\u00f3n de accesibilidad<\/h2>\t\t<\/div>\n\t\t\t\t<\/div>\n\t\t\t\t<div class=\"elementor-element elementor-element-bd8e9a4 elementor-widget elementor-widget-text-editor\" data-id=\"bd8e9a4\" data-element_type=\"widget\" data-widget_type=\"text-editor.default\">\n\t\t\t\t<div class=\"elementor-widget-container\">\n\t\t\t<style>\/*! elementor - v3.18.0 - 06-12-2023 *\/\n.elementor-widget-text-editor.elementor-drop-cap-view-stacked .elementor-drop-cap{background-color:#69727d;color:#fff}.elementor-widget-text-editor.elementor-drop-cap-view-framed .elementor-drop-cap{color:#69727d;border:3px solid;background-color:transparent}.elementor-widget-text-editor:not(.elementor-drop-cap-view-default) .elementor-drop-cap{margin-top:8px}.elementor-widget-text-editor:not(.elementor-drop-cap-view-default) .elementor-drop-cap-letter{width:1em;height:1em}.elementor-widget-text-editor .elementor-drop-cap{float:left;text-align:center;line-height:1;font-size:50px}.elementor-widget-text-editor .elementor-drop-cap-letter{display:inline-block}<\/style>\t\t\t\t<p>LOALVIC SPORTS SL (tu-futbol.com) se ha comprometido a hacer accesible su sitio web, de conformidad con el <a href=\"https:\/\/www.boe.es\/diario_boe\/txt.php?id=BOE-A-2018-12699\">Real Decreto 1112\/2018, de 7 de septiembre, sobre accesibilidad de los sitios web y aplicaciones para dispositivos m\u00f3viles del sector p\u00fablico<\/a>.<\/p><p data-start=\"529\" data-end=\"619\">Esta declaraci\u00f3n de accesibilidad se aplica al sitio web:<br data-start=\"586\" data-end=\"589\" \/><a href=\"https:\/\/tu-futbol.com\/\"><b>https:\/\/tu-futbol.com\/<\/b><\/a><\/p><h3 data-start=\"626\" data-end=\"655\">Situaci\u00f3n de cumplimiento<\/h3><p data-start=\"657\" data-end=\"901\">Este sitio web <strong data-start=\"672\" data-end=\"698\">es plenamente conforme<\/strong> con el Real Decreto 1112\/2018. La accesibilidad se ha evaluado conforme a la norma <strong data-start=\"782\" data-end=\"805\">UNE-EN 301 549:2022<\/strong>, basada en las <strong data-start=\"821\" data-end=\"849\">Pautas WCAG 2.1 nivel AA<\/strong>, cumpliendo todos los requisitos t\u00e9cnicos exigidos.<\/p><h3 data-start=\"908\" data-end=\"950\">Preparaci\u00f3n de la presente declaraci\u00f3n<\/h3><ul data-start=\"952\" data-end=\"1248\"><li data-start=\"952\" data-end=\"1003\"><p data-start=\"954\" data-end=\"1003\"><strong data-start=\"954\" data-end=\"978\">Fecha de preparaci\u00f3n<\/strong>: 10 de febrero de 2025<\/p><\/li><li data-start=\"1004\" data-end=\"1047\"><p data-start=\"1006\" data-end=\"1047\"><strong data-start=\"1006\" data-end=\"1025\">\u00daltima revisi\u00f3n<\/strong>: 28 de mayo de 2025<\/p><\/li><li data-start=\"1048\" data-end=\"1248\"><p data-start=\"1050\" data-end=\"1248\"><strong data-start=\"1050\" data-end=\"1069\">M\u00e9todo empleado<\/strong>: Autoevaluaci\u00f3n interna mediante herramientas de validaci\u00f3n autom\u00e1tica (Lighthouse, axe, WAVE) y revisi\u00f3n manual, siguiendo las directrices del Observatorio de Accesibilidad Web.<\/p><\/li><\/ul><h3 data-start=\"1255\" data-end=\"1292\">Observaciones y datos de contacto<\/h3><p data-start=\"1294\" data-end=\"1477\">Puede comunicarse con nosotros para trasladar cualquier aspecto relacionado con la accesibilidad de este sitio web, tal como establece el art\u00edculo 10.2.a del RD 1112\/2018, incluyendo:<\/p><ul data-start=\"1479\" data-end=\"1653\"><li data-start=\"1479\" data-end=\"1556\"><p data-start=\"1481\" data-end=\"1556\">Informar sobre posibles incumplimientos de los requisitos de accesibilidad.<\/p><\/li><li data-start=\"1557\" data-end=\"1605\"><p data-start=\"1559\" data-end=\"1605\">Notificar dificultades de acceso al contenido.<\/p><\/li><li data-start=\"1606\" data-end=\"1653\"><p data-start=\"1608\" data-end=\"1653\">Realizar sugerencias o solicitudes de mejora.<\/p><\/li><\/ul><p data-start=\"1655\" data-end=\"1817\">Las comunicaciones pueden realizarse a trav\u00e9s de los canales disponibles en la web: formularios de contacto, n\u00famero de tel\u00e9fono o direcci\u00f3n de correo electr\u00f3nico.<\/p><p data-start=\"1819\" data-end=\"1845\">Asimismo, puede presentar:<\/p><ul data-start=\"1847\" data-end=\"2084\"><li data-start=\"1847\" data-end=\"1917\"><p data-start=\"1849\" data-end=\"1917\"><strong data-start=\"1849\" data-end=\"1859\">Quejas<\/strong> sobre el cumplimiento de los requisitos de accesibilidad.<\/p><\/li><li data-start=\"1918\" data-end=\"2084\"><p data-start=\"1920\" data-end=\"2084\"><strong data-start=\"1920\" data-end=\"1960\">Solicitudes de informaci\u00f3n accesible<\/strong> sobre contenidos excluidos del \u00e1mbito de aplicaci\u00f3n, si los hubiera, o sobre contenidos exentos por carga desproporcionada.<\/p><\/li><\/ul><p data-start=\"2086\" data-end=\"2204\">Ambas deben contener los hechos, razones y peticiones que permitan verificar que la solicitud es razonable y leg\u00edtima.<\/p><p data-start=\"2206\" data-end=\"2356\">Las quejas y reclamaciones pueden presentarse mediante la sede electr\u00f3nica de Red.es:<br data-start=\"2291\" data-end=\"2294\" \/><a href=\"https:\/\/sede.red.gob.es\/procedimientos\/quejas-y-sugerencias\" target=\"_new\" rel=\"noopener\" data-start=\"2297\" data-end=\"2356\">https:\/\/sede.red.gob.es\/procedimientos\/quejas-y-sugerencias<\/a><\/p><h3 data-start=\"2363\" data-end=\"2394\">Procedimiento de aplicaci\u00f3n<\/h3><p data-start=\"2396\" data-end=\"2607\">Si una vez presentada una queja o solicitud de informaci\u00f3n accesible no se obtiene respuesta en el plazo de <strong data-start=\"2504\" data-end=\"2523\">20 d\u00edas h\u00e1biles<\/strong>, o esta es insatisfactoria, la persona interesada podr\u00e1 interponer una reclamaci\u00f3n.<\/p><p data-start=\"2609\" data-end=\"2880\">Esta reclamaci\u00f3n puede realizarse a trav\u00e9s de la <strong data-start=\"2658\" data-end=\"2680\">Instancia Gen\u00e9rica<\/strong> en la sede electr\u00f3nica del <strong data-start=\"2708\" data-end=\"2769\">Ministerio de Asuntos Econ\u00f3micos y Transformaci\u00f3n Digital<\/strong>, o por los medios establecidos en la <strong data-start=\"2807\" data-end=\"2822\">Ley 39\/2015<\/strong>, de 1 de octubre, del Procedimiento Administrativo Com\u00fan.<\/p><p data-start=\"2882\" data-end=\"2991\">Las reclamaciones ser\u00e1n tramitadas por la <strong data-start=\"2924\" data-end=\"2975\">Subdirecci\u00f3n General de Inspecci\u00f3n de Servicios<\/strong> del Ministerio.<\/p><h3 data-start=\"2998\" data-end=\"3047\">Contenido adicional: accesibilidad del portal<\/h3><p data-start=\"3049\" data-end=\"3082\">Este sitio web permite modificar:<\/p><ul data-start=\"3084\" data-end=\"3245\"><li data-start=\"3084\" data-end=\"3110\"><p data-start=\"3086\" data-end=\"3110\">El <strong data-start=\"3089\" data-end=\"3109\">tama\u00f1o del texto<\/strong>.<\/p><\/li><li data-start=\"3111\" data-end=\"3141\"><p data-start=\"3113\" data-end=\"3141\">El <strong data-start=\"3116\" data-end=\"3140\">contraste de colores<\/strong>.<\/p><\/li><li data-start=\"3142\" data-end=\"3245\"><p data-start=\"3144\" data-end=\"3245\">El <strong data-start=\"3147\" data-end=\"3155\">zoom<\/strong> general del navegador, para facilitar la navegaci\u00f3n a personas con dificultades visuales.<\/p><\/li><\/ul><h4 data-start=\"3247\" data-end=\"3277\">Atajos de teclado \u00fatiles:<\/h4><ul data-start=\"3279\" data-end=\"3410\"><li data-start=\"3279\" data-end=\"3328\"><p data-start=\"3281\" data-end=\"3328\"><strong data-start=\"3281\" data-end=\"3293\">Ctrl + +<\/strong>: Aumentar el tama\u00f1o de la p\u00e1gina<\/p><\/li><li data-start=\"3329\" data-end=\"3363\"><p data-start=\"3331\" data-end=\"3363\"><strong data-start=\"3331\" data-end=\"3343\">Ctrl + \u2013<\/strong>: Disminuir tama\u00f1o<\/p><\/li><li data-start=\"3364\" data-end=\"3410\"><p data-start=\"3366\" data-end=\"3410\"><strong data-start=\"3366\" data-end=\"3378\">Ctrl + 0<\/strong>: Restaurar el tama\u00f1o original<\/p><\/li><\/ul><h4 data-start=\"3412\" data-end=\"3469\">C\u00f3mo cambiar el tama\u00f1o o colores seg\u00fan el navegador:<\/h4><p>\u00a0<\/p><ul data-start=\"3471\" data-end=\"3669\"><li data-start=\"3471\" data-end=\"3502\"><p data-start=\"3473\" data-end=\"3502\"><strong data-start=\"3473\" data-end=\"3483\">Chrome<\/strong>: Men\u00fa \u22ee \u2192 Tama\u00f1o<\/p><\/li><li data-start=\"3503\" data-end=\"3552\"><p data-start=\"3505\" data-end=\"3552\"><strong data-start=\"3505\" data-end=\"3526\">Firefox \/ Mozilla<\/strong>: Ver \u2192 Tama\u00f1o del texto<\/p><\/li><li data-start=\"3553\" data-end=\"3592\"><p data-start=\"3555\" data-end=\"3592\"><strong data-start=\"3555\" data-end=\"3565\">Safari<\/strong>: Ver \u2192 Ampliar \/ Reducir<\/p><\/li><li data-start=\"3593\" data-end=\"3643\"><p data-start=\"3595\" data-end=\"3643\"><strong data-start=\"3595\" data-end=\"3613\">Microsoft Edge<\/strong>: Configuraci\u00f3n \u2192 Apariencia<\/p><\/li><li data-start=\"3644\" data-end=\"3669\"><p data-start=\"3646\" data-end=\"3669\"><strong data-start=\"3646\" data-end=\"3655\">Opera<\/strong>: Ver \u2192 Zoom<\/p><\/li><\/ul>\t\t\t\t\t\t<\/div>\n\t\t\t\t<\/div>\n\t\t\t\t\t<\/div>\n\t\t\t\t<\/div>\n\t\t\t\t\t<\/div>\n\t\t\t\t<\/div>\n\t\t\t\t<\/div>\n\t\t\t\t\t\t\t<\/div>\n\t\t","protected":false},"excerpt":{"rendered":"<p>Declaraci\u00f3n de accesibilidad LOALVIC SPORTS SL (tu-futbol.com) se ha comprometido a hacer accesible su sitio web, de conformidad con el Real Decreto 1112\/2018, de 7 de septiembre, sobre accesibilidad de los sitios web y aplicaciones para dispositivos m\u00f3viles del sector p\u00fablico. Esta declaraci\u00f3n de accesibilidad se aplica al sitio web:https:\/\/tu-futbol.com\/ Situaci\u00f3n de cumplimiento Este sitio [&hellip;]<\/p>\n","protected":false},"author":1,"featured_media":0,"parent":0,"menu_order":0,"comment_status":"closed","ping_status":"closed","template":"","meta":{"footnotes":""},"yoast_head":"<!-- This site is optimized with the Yoast SEO plugin v21.7 - https:\/\/yoast.com\/wordpress\/plugins\/seo\/ -->\n<title>AVEC Group | Inversiones inmobiliarias en Murcia<\/title>\n<meta name=\"description\" content=\"Somos AVEC Group, reconocida empresa de inversiones inmobiliarias en Ceut\u00ed, Murica. Cont\u00e1ctanos para descubrir m\u00e1s, \u00a1te esperamos!\" \/>\n<meta name=\"robots\" content=\"noindex, follow, max-snippet:-1, max-image-preview:large, max-video-preview:-1\" \/>\n<meta property=\"og:locale\" content=\"es_ES\" \/>\n<meta property=\"og:type\" content=\"article\" \/>\n<meta property=\"og:title\" content=\"AVEC Group | Inversiones inmobiliarias en Murcia\" \/>\n<meta property=\"og:description\" content=\"Somos AVEC Group, reconocida empresa de inversiones inmobiliarias en Ceut\u00ed, Murica. Cont\u00e1ctanos para descubrir m\u00e1s, \u00a1te esperamos!\" \/>\n<meta property=\"og:url\" content=\"https:\/\/tu-futbol.com\/index.php\/accesibilidad\/\" \/>\n<meta property=\"og:site_name\" content=\"TUFUTBOL LOALVIC\" \/>\n<meta property=\"article:modified_time\" content=\"2025-06-03T12:10:08+00:00\" \/>\n<meta name=\"twitter:card\" content=\"summary_large_image\" \/>\n<meta name=\"twitter:label1\" content=\"Tiempo de lectura\" \/>\n\t<meta name=\"twitter:data1\" content=\"3 minutos\" \/>\n<script type=\"application\/ld+json\" class=\"yoast-schema-graph\">{\"@context\":\"https:\/\/schema.org\",\"@graph\":[{\"@type\":\"WebPage\",\"@id\":\"https:\/\/tu-futbol.com\/index.php\/accesibilidad\/\",\"url\":\"https:\/\/tu-futbol.com\/index.php\/accesibilidad\/\",\"name\":\"AVEC Group | Inversiones inmobiliarias en Murcia\",\"isPartOf\":{\"@id\":\"https:\/\/tu-futbol.com\/#website\"},\"datePublished\":\"2023-12-14T13:20:30+00:00\",\"dateModified\":\"2025-06-03T12:10:08+00:00\",\"description\":\"Somos AVEC Group, reconocida empresa de inversiones inmobiliarias en Ceut\u00ed, Murica. Cont\u00e1ctanos para descubrir m\u00e1s, \u00a1te esperamos!\",\"breadcrumb\":{\"@id\":\"https:\/\/tu-futbol.com\/index.php\/accesibilidad\/#breadcrumb\"},\"inLanguage\":\"es\",\"potentialAction\":[{\"@type\":\"ReadAction\",\"target\":[\"https:\/\/tu-futbol.com\/index.php\/accesibilidad\/\"]}]},{\"@type\":\"BreadcrumbList\",\"@id\":\"https:\/\/tu-futbol.com\/index.php\/accesibilidad\/#breadcrumb\",\"itemListElement\":[{\"@type\":\"ListItem\",\"position\":1,\"name\":\"Portada\",\"item\":\"https:\/\/tu-futbol.com\/\"},{\"@type\":\"ListItem\",\"position\":2,\"name\":\"Accesibilidad\"}]},{\"@type\":\"WebSite\",\"@id\":\"https:\/\/tu-futbol.com\/#website\",\"url\":\"https:\/\/tu-futbol.com\/\",\"name\":\"TUFUTBOL LOALVIC\",\"description\":\"\",\"publisher\":{\"@id\":\"https:\/\/tu-futbol.com\/#organization\"},\"potentialAction\":[{\"@type\":\"SearchAction\",\"target\":{\"@type\":\"EntryPoint\",\"urlTemplate\":\"https:\/\/tu-futbol.com\/?s={search_term_string}\"},\"query-input\":\"required name=search_term_string\"}],\"inLanguage\":\"es\"},{\"@type\":\"Organization\",\"@id\":\"https:\/\/tu-futbol.com\/#organization\",\"name\":\"TUFUTBOL LOALVIC\",\"url\":\"https:\/\/tu-futbol.com\/\",\"logo\":{\"@type\":\"ImageObject\",\"inLanguage\":\"es\",\"@id\":\"https:\/\/tu-futbol.com\/#\/schema\/logo\/image\/\",\"url\":\"https:\/\/tu-futbol.com\/wp-content\/uploads\/2023\/12\/Untitled-603-x-200-px.png\",\"contentUrl\":\"https:\/\/tu-futbol.com\/wp-content\/uploads\/2023\/12\/Untitled-603-x-200-px.png\",\"width\":603,\"height\":200,\"caption\":\"TUFUTBOL LOALVIC\"},\"image\":{\"@id\":\"https:\/\/tu-futbol.com\/#\/schema\/logo\/image\/\"}}]}<\/script>\n<!-- \/ Yoast SEO plugin. -->","yoast_head_json":{"title":"AVEC Group | Inversiones inmobiliarias en Murcia","description":"Somos AVEC Group, reconocida empresa de inversiones inmobiliarias en Ceut\u00ed, Murica. Cont\u00e1ctanos para descubrir m\u00e1s, \u00a1te esperamos!","robots":{"index":"noindex","follow":"follow","max-snippet":"max-snippet:-1","max-image-preview":"max-image-preview:large","max-video-preview":"max-video-preview:-1"},"og_locale":"es_ES","og_type":"article","og_title":"AVEC Group | Inversiones inmobiliarias en Murcia","og_description":"Somos AVEC Group, reconocida empresa de inversiones inmobiliarias en Ceut\u00ed, Murica. Cont\u00e1ctanos para descubrir m\u00e1s, \u00a1te esperamos!","og_url":"https:\/\/tu-futbol.com\/index.php\/accesibilidad\/","og_site_name":"TUFUTBOL LOALVIC","article_modified_time":"2025-06-03T12:10:08+00:00","twitter_card":"summary_large_image","twitter_misc":{"Tiempo de lectura":"3 minutos"},"schema":{"@context":"https:\/\/schema.org","@graph":[{"@type":"WebPage","@id":"https:\/\/tu-futbol.com\/index.php\/accesibilidad\/","url":"https:\/\/tu-futbol.com\/index.php\/accesibilidad\/","name":"AVEC Group | Inversiones inmobiliarias en Murcia","isPartOf":{"@id":"https:\/\/tu-futbol.com\/#website"},"datePublished":"2023-12-14T13:20:30+00:00","dateModified":"2025-06-03T12:10:08+00:00","description":"Somos AVEC Group, reconocida empresa de inversiones inmobiliarias en Ceut\u00ed, Murica. Cont\u00e1ctanos para descubrir m\u00e1s, \u00a1te esperamos!","breadcrumb":{"@id":"https:\/\/tu-futbol.com\/index.php\/accesibilidad\/#breadcrumb"},"inLanguage":"es","potentialAction":[{"@type":"ReadAction","target":["https:\/\/tu-futbol.com\/index.php\/accesibilidad\/"]}]},{"@type":"BreadcrumbList","@id":"https:\/\/tu-futbol.com\/index.php\/accesibilidad\/#breadcrumb","itemListElement":[{"@type":"ListItem","position":1,"name":"Portada","item":"https:\/\/tu-futbol.com\/"},{"@type":"ListItem","position":2,"name":"Accesibilidad"}]},{"@type":"WebSite","@id":"https:\/\/tu-futbol.com\/#website","url":"https:\/\/tu-futbol.com\/","name":"TUFUTBOL LOALVIC","description":"","publisher":{"@id":"https:\/\/tu-futbol.com\/#organization"},"potentialAction":[{"@type":"SearchAction","target":{"@type":"EntryPoint","urlTemplate":"https:\/\/tu-futbol.com\/?s={search_term_string}"},"query-input":"required name=search_term_string"}],"inLanguage":"es"},{"@type":"Organization","@id":"https:\/\/tu-futbol.com\/#organization","name":"TUFUTBOL LOALVIC","url":"https:\/\/tu-futbol.com\/","logo":{"@type":"ImageObject","inLanguage":"es","@id":"https:\/\/tu-futbol.com\/#\/schema\/logo\/image\/","url":"https:\/\/tu-futbol.com\/wp-content\/uploads\/2023\/12\/Untitled-603-x-200-px.png","contentUrl":"https:\/\/tu-futbol.com\/wp-content\/uploads\/2023\/12\/Untitled-603-x-200-px.png","width":603,"height":200,"caption":"TUFUTBOL LOALVIC"},"image":{"@id":"https:\/\/tu-futbol.com\/#\/schema\/logo\/image\/"}}]}},"_links":{"self":[{"href":"https:\/\/tu-futbol.com\/index.php\/wp-json\/wp\/v2\/pages\/322"}],"collection":[{"href":"https:\/\/tu-futbol.com\/index.php\/wp-json\/wp\/v2\/pages"}],"about":[{"href":"https:\/\/tu-futbol.com\/index.php\/wp-json\/wp\/v2\/types\/page"}],"author":[{"embeddable":true,"href":"https:\/\/tu-futbol.com\/index.php\/wp-json\/wp\/v2\/users\/1"}],"replies":[{"embeddable":true,"href":"https:\/\/tu-futbol.com\/index.php\/wp-json\/wp\/v2\/comments?post=322"}],"version-history":[{"count":13,"href":"https:\/\/tu-futbol.com\/index.php\/wp-json\/wp\/v2\/pages\/322\/revisions"}],"predecessor-version":[{"id":429,"href":"https:\/\/tu-futbol.com\/index.php\/wp-json\/wp\/v2\/pages\/322\/revisions\/429"}],"wp:attachment":[{"href":"https:\/\/tu-futbol.com\/index.php\/wp-json\/wp\/v2\/media?parent=322"}],"curies":[{"name":"wp","href":"https:\/\/api.w.org\/{rel}","templated":true}]}}